{"id":86,"date":"2025-11-21T10:39:33","date_gmt":"2025-11-21T10:39:33","guid":{"rendered":"https:\/\/authentica.tn\/?post_type=product&#038;p=86"},"modified":"2025-11-21T10:40:16","modified_gmt":"2025-11-21T10:40:16","slug":"collier-tanit","status":"publish","type":"product","link":"https:\/\/authentica.tn\/index.php\/product\/collier-tanit\/","title":{"rendered":"Collier Tanit"},"content":{"rendered":"<p><span style=\"font-weight: 400;\">Le Collier Tanit s\u2019inspire de la divinit\u00e9 protectrice Tanit, symbole de fertilit\u00e9, protection et chance dans la tradition tunisienne et amazighe. Son motif d\u00e9licatement travaill\u00e9 en argent rend hommage au patrimoine culturel de la Tunisie tout en apportant une touche \u00e9l\u00e9gante et discr\u00e8te \u00e0 votre style quotidien.<\/span><\/p>\n<p><span style=\"font-weight: 400;\">Caract\u00e9ristiques :<\/span><\/p>\n<ul>\n<li style=\"font-weight: 400;\" aria-level=\"1\"><span style=\"font-weight: 400;\">Mat\u00e9riau : Argent 925<\/span>&nbsp;<\/li>\n<li style=\"font-weight: 400;\" aria-level=\"1\"><span style=\"font-weight: 400;\">Longueur de cha\u00eene : 45 cm (ajustable)<\/span><\/li>\n<\/ul>\n","protected":false},"excerpt":{"rendered":"<p>Le Collier Tanit s\u2019inspire de la divinit\u00e9 protectrice Tanit, symbole de fertilit\u00e9, protection et chance dans la tradition tunisienne et amazighe. Son motif d\u00e9licatement travaill\u00e9 en argent rend hommage au patrimoine culturel de la Tunisie tout en apportant une touche \u00e9l\u00e9gante et discr\u00e8te \u00e0 votre style quotidien. Caract\u00e9ristiques : Mat\u00e9riau : Argent 925&nbsp; Longueur de&#8230;<\/p>\n","protected":false},"featured_media":87,"template":"","meta":[],"product_brand":[],"product_cat":[15],"product_tag":[],"class_list":{"0":"post-86","1":"product","2":"type-product","3":"status-publish","4":"has-post-thumbnail","6":"product_cat-boutique","7":"nt-post-class","8":"","11":"excerpt-none","14":"first","15":"instock","16":"shipping-taxable","17":"purchasable","18":"product-type-simple"},"_links":{"self":[{"href":"https:\/\/authentica.tn\/index.php\/wp-json\/wp\/v2\/product\/86","targetHints":{"allow":["GET"]}}],"collection":[{"href":"https:\/\/authentica.tn\/index.php\/wp-json\/wp\/v2\/product"}],"about":[{"href":"https:\/\/authentica.tn\/index.php\/wp-json\/wp\/v2\/types\/product"}],"wp:featuredmedia":[{"embeddable":true,"href":"https:\/\/authentica.tn\/index.php\/wp-json\/wp\/v2\/media\/87"}],"wp:attachment":[{"href":"https:\/\/authentica.tn\/index.php\/wp-json\/wp\/v2\/media?parent=86"}],"wp:term":[{"taxonomy":"product_brand","embeddable":true,"href":"https:\/\/authentica.tn\/index.php\/wp-json\/wp\/v2\/product_brand?post=86"},{"taxonomy":"product_cat","embeddable":true,"href":"https:\/\/authentica.tn\/index.php\/wp-json\/wp\/v2\/product_cat?post=86"},{"taxonomy":"product_tag","embeddable":true,"href":"https:\/\/authentica.tn\/index.php\/wp-json\/wp\/v2\/product_tag?post=86"}],"curies":[{"name":"wp","href":"https:\/\/api.w.org\/{rel}","templated":true}]}}