{"id":80,"date":"2025-11-21T10:36:17","date_gmt":"2025-11-21T10:36:17","guid":{"rendered":"https:\/\/authentica.tn\/?post_type=product&#038;p=80"},"modified":"2025-11-21T10:45:13","modified_gmt":"2025-11-21T10:45:13","slug":"broche-bebe-poisson","status":"publish","type":"product","link":"https:\/\/authentica.tn\/index.php\/product\/broche-bebe-poisson\/","title":{"rendered":"Broche B\u00e9b\u00e9 Poisson"},"content":{"rendered":"<p><span style=\"font-weight: 400;\">Cette broche b\u00e9b\u00e9 est un bijou symbolique qui combine tradition, protection et chance. Le motif central est un grand poisson, entour\u00e9 de petits porte-bonheur : Khamsa, Ayat al-Kursi et un M\u00e9daillon MashaAllah (\u0645\u0627 \u0634\u0627\u0621 \u0627\u0644\u0644\u0647). Chaque \u00e9l\u00e9ment refl\u00e8te la culture tunisienne, apportant protection et b\u00e9n\u00e9diction \u00e0 votre b\u00e9b\u00e9 au quotidien.<\/span><\/p>\n<p><span style=\"font-weight: 400;\">Caract\u00e9ristiques :<\/span><\/p>\n<ul>\n<li style=\"font-weight: 400;\" aria-level=\"1\"><span style=\"font-weight: 400;\">Mat\u00e9riau : Argent 925<\/span><\/li>\n<li style=\"font-weight: 400;\" aria-level=\"1\"><span style=\"font-weight: 400;\">Dimensions : L\u00e9ger et adapt\u00e9 aux b\u00e9b\u00e9s<\/span><\/li>\n<li style=\"font-weight: 400;\" aria-level=\"1\"><span style=\"font-weight: 400;\">Pendentifs : Poisson, Khamsa, Ayat al-Kursi, M\u00e9daillon MashaAllah<\/span><\/li>\n<\/ul>\n","protected":false},"excerpt":{"rendered":"<p><span style=\"font-weight: 400;\">Cette broche b\u00e9b\u00e9 est un bijou symbolique qui combine tradition, protection et chance. Le motif central est un grand poisson, entour\u00e9 de petits porte-bonheur : Khamsa, Ayat al-Kursi et un M\u00e9daillon MashaAllah (\u0645\u0627 \u0634\u0627\u0621 \u0627\u0644\u0644\u0647). Chaque \u00e9l\u00e9ment refl\u00e8te la culture tunisienne, apportant protection et b\u00e9n\u00e9diction \u00e0 votre b\u00e9b\u00e9 au quotidien.<\/span><\/p>\n<p><span style=\"font-weight: 400;\">Caract\u00e9ristiques :<\/span><\/p>\n<ul>\n<li style=\"font-weight: 400;\" aria-level=\"1\"><span style=\"font-weight: 400;\">Mat\u00e9riau : Argent 925<\/span><\/li>\n<li style=\"font-weight: 400;\" aria-level=\"1\"><span style=\"font-weight: 400;\">Dimensions : L\u00e9ger et adapt\u00e9 aux b\u00e9b\u00e9s<\/span><\/li>\n<li style=\"font-weight: 400;\" aria-level=\"1\"><span style=\"font-weight: 400;\">Pendentifs : Poisson, Khamsa, Ayat al-Kursi, M\u00e9daillon MashaAllah<\/span><\/li>\n<\/ul>\n","protected":false},"featured_media":85,"template":"","meta":[],"product_brand":[],"product_cat":[15],"product_tag":[],"class_list":{"0":"post-80","1":"product","2":"type-product","3":"status-publish","4":"has-post-thumbnail","6":"product_cat-boutique","7":"nt-post-class","8":"","14":"first","15":"instock","16":"shipping-taxable","17":"purchasable","18":"product-type-simple"},"_links":{"self":[{"href":"https:\/\/authentica.tn\/index.php\/wp-json\/wp\/v2\/product\/80","targetHints":{"allow":["GET"]}}],"collection":[{"href":"https:\/\/authentica.tn\/index.php\/wp-json\/wp\/v2\/product"}],"about":[{"href":"https:\/\/authentica.tn\/index.php\/wp-json\/wp\/v2\/types\/product"}],"wp:featuredmedia":[{"embeddable":true,"href":"https:\/\/authentica.tn\/index.php\/wp-json\/wp\/v2\/media\/85"}],"wp:attachment":[{"href":"https:\/\/authentica.tn\/index.php\/wp-json\/wp\/v2\/media?parent=80"}],"wp:term":[{"taxonomy":"product_brand","embeddable":true,"href":"https:\/\/authentica.tn\/index.php\/wp-json\/wp\/v2\/product_brand?post=80"},{"taxonomy":"product_cat","embeddable":true,"href":"https:\/\/authentica.tn\/index.php\/wp-json\/wp\/v2\/product_cat?post=80"},{"taxonomy":"product_tag","embeddable":true,"href":"https:\/\/authentica.tn\/index.php\/wp-json\/wp\/v2\/product_tag?post=80"}],"curies":[{"name":"wp","href":"https:\/\/api.w.org\/{rel}","templated":true}]}}