{"id":65,"date":"2025-11-21T10:14:16","date_gmt":"2025-11-21T10:14:16","guid":{"rendered":"https:\/\/authentica.tn\/?post_type=product&#038;p=65"},"modified":"2025-11-21T10:48:40","modified_gmt":"2025-11-21T10:48:40","slug":"collier-olivier-arbre-de-vie","status":"publish","type":"product","link":"https:\/\/authentica.tn\/index.php\/product\/collier-olivier-arbre-de-vie\/","title":{"rendered":"Collier Olivier \u2013 Arbre de Vie"},"content":{"rendered":"","protected":false},"excerpt":{"rendered":"<p><span style=\"font-weight: 400;\">Un collier \u00e9l\u00e9gant m\u00ealant l\u2019Olivier, symbole de paix et de prosp\u00e9rit\u00e9, \u00e0 l\u2019Arbre de Vie, repr\u00e9sentant la force et l\u2019enracinement. Un bijou moderne et significatif pour sublimer votre style au quotidien.<\/span><\/p>\n<p><span style=\"font-weight: 400;\">Ce collier Olivier \u2013 Arbre de Vie en argent combine deux symboles puissants :<\/span><\/p>\n<ul>\n<li style=\"font-weight: 400;\" aria-level=\"1\"><span style=\"font-weight: 400;\">l\u2019olivier, associ\u00e9 \u00e0 la paix, la chance et la long\u00e9vit\u00e9<\/span><\/li>\n<li style=\"font-weight: 400;\" aria-level=\"1\"><span style=\"font-weight: 400;\">l\u2019arbre de vie, qui \u00e9voque les racines, la famille et la r\u00e9ussite<\/span><\/li>\n<\/ul>\n<p><span style=\"font-weight: 400;\">Raffin\u00e9, l\u00e9ger et facile \u00e0 porter, il compl\u00e9tera toutes vos tenues et fera un cadeau id\u00e9al pour marquer une belle \u00e9tape : anniversaire, r\u00e9ussite, mariage, naissance ou simple message d\u2019affection.<\/span><\/p>\n<p><span style=\"font-weight: 400;\">Caract\u00e9ristiques<\/span><\/p>\n<ul>\n<li style=\"font-weight: 400;\" aria-level=\"1\"><span style=\"font-weight: 400;\">Mati\u00e8re : Argent 925<\/span><span style=\"font-weight: 400;\"><br \/>\n<\/span><\/li>\n<li style=\"font-weight: 400;\" aria-level=\"1\"><span style=\"font-weight: 400;\">Longueur de cha\u00eene : 45 cm (ajustable)<\/span><\/li>\n<\/ul>\n","protected":false},"featured_media":66,"template":"","meta":[],"product_brand":[],"product_cat":[15],"product_tag":[],"class_list":{"0":"post-65","1":"product","2":"type-product","3":"status-publish","4":"has-post-thumbnail","6":"product_cat-boutique","7":"nt-post-class","8":"","14":"first","15":"instock","16":"shipping-taxable","17":"purchasable","18":"product-type-simple"},"_links":{"self":[{"href":"https:\/\/authentica.tn\/index.php\/wp-json\/wp\/v2\/product\/65","targetHints":{"allow":["GET"]}}],"collection":[{"href":"https:\/\/authentica.tn\/index.php\/wp-json\/wp\/v2\/product"}],"about":[{"href":"https:\/\/authentica.tn\/index.php\/wp-json\/wp\/v2\/types\/product"}],"wp:featuredmedia":[{"embeddable":true,"href":"https:\/\/authentica.tn\/index.php\/wp-json\/wp\/v2\/media\/66"}],"wp:attachment":[{"href":"https:\/\/authentica.tn\/index.php\/wp-json\/wp\/v2\/media?parent=65"}],"wp:term":[{"taxonomy":"product_brand","embeddable":true,"href":"https:\/\/authentica.tn\/index.php\/wp-json\/wp\/v2\/product_brand?post=65"},{"taxonomy":"product_cat","embeddable":true,"href":"https:\/\/authentica.tn\/index.php\/wp-json\/wp\/v2\/product_cat?post=65"},{"taxonomy":"product_tag","embeddable":true,"href":"https:\/\/authentica.tn\/index.php\/wp-json\/wp\/v2\/product_tag?post=65"}],"curies":[{"name":"wp","href":"https:\/\/api.w.org\/{rel}","templated":true}]}}